{"id":546,"date":"2021-07-14T21:51:12","date_gmt":"2021-07-14T21:51:12","guid":{"rendered":"https:\/\/aprenderpnl.com\/cursodepnl\/dup-curso-de-pnl-aprender-pnl\/"},"modified":"2024-01-31T11:41:22","modified_gmt":"2024-01-31T11:41:22","slug":"oferta-argentina","status":"publish","type":"page","link":"https:\/\/aprenderpnl.com\/cursodepnl\/oferta-argentina\/","title":{"rendered":"Curso de PNL-Oferta Argentina"},"content":{"rendered":"","protected":false},"excerpt":{"rendered":"","protected":false},"author":1,"featured_media":0,"parent":0,"menu_order":0,"comment_status":"closed","ping_status":"closed","template":"","meta":{"footnotes":""},"class_list":["post-546","page","type-page","status-publish","hentry","entry"],"yoast_head":"<!-- This site is optimized with the Yoast SEO plugin v26.9 - https:\/\/yoast.com\/product\/yoast-seo-wordpress\/ -->\n<title>Curso de PNL-Oferta Argentina - Aprender PNL<\/title>\n<meta name=\"description\" content=\"Curso de PNL Desde Cero Argentina. S\u00faper Oferta s\u00f3lo para Argentina en PESOS! Aprovecha este S\u00daPER-DESCUENTO!\" \/>\n<meta name=\"robots\" content=\"index, follow, max-snippet:-1, max-image-preview:large, max-video-preview:-1\" \/>\n<link rel=\"canonical\" href=\"https:\/\/aprenderpnl.com\/cursodepnl\/oferta-argentina\/\" \/>\n<meta property=\"og:locale\" content=\"es_ES\" \/>\n<meta property=\"og:type\" content=\"article\" \/>\n<meta property=\"og:title\" content=\"Curso de PNL-Oferta Argentina - Aprender PNL\" \/>\n<meta property=\"og:description\" content=\"Curso de PNL Desde Cero Argentina. S\u00faper Oferta s\u00f3lo para Argentina en PESOS! Aprovecha este S\u00daPER-DESCUENTO!\" \/>\n<meta property=\"og:url\" content=\"https:\/\/aprenderpnl.com\/cursodepnl\/oferta-argentina\/\" \/>\n<meta property=\"og:site_name\" content=\"Aprender PNL\" \/>\n<meta property=\"article:modified_time\" content=\"2024-01-31T11:41:22+00:00\" \/>\n<meta property=\"og:image\" content=\"http:\/\/www.aprenderpnl.com\/curso\/imagenes-curso-pnl\/pnl8.gif\" \/>\n<meta name=\"twitter:card\" content=\"summary_large_image\" \/>\n<script type=\"application\/ld+json\" class=\"yoast-schema-graph\">{\"@context\":\"https:\/\/schema.org\",\"@graph\":[{\"@type\":\"WebPage\",\"@id\":\"https:\/\/aprenderpnl.com\/cursodepnl\/oferta-argentina\/\",\"url\":\"https:\/\/aprenderpnl.com\/cursodepnl\/oferta-argentina\/\",\"name\":\"Curso de PNL-Oferta Argentina - Aprender PNL\",\"isPartOf\":{\"@id\":\"https:\/\/aprenderpnl.com\/cursodepnl\/#website\"},\"primaryImageOfPage\":{\"@id\":\"https:\/\/aprenderpnl.com\/cursodepnl\/oferta-argentina\/#primaryimage\"},\"image\":{\"@id\":\"https:\/\/aprenderpnl.com\/cursodepnl\/oferta-argentina\/#primaryimage\"},\"thumbnailUrl\":\"http:\/\/www.aprenderpnl.com\/curso\/imagenes-curso-pnl\/pnl8.gif\",\"datePublished\":\"2021-07-14T21:51:12+00:00\",\"dateModified\":\"2024-01-31T11:41:22+00:00\",\"description\":\"Curso de PNL Desde Cero Argentina. S\u00faper Oferta s\u00f3lo para Argentina en PESOS! Aprovecha este S\u00daPER-DESCUENTO!\",\"breadcrumb\":{\"@id\":\"https:\/\/aprenderpnl.com\/cursodepnl\/oferta-argentina\/#breadcrumb\"},\"inLanguage\":\"es\",\"potentialAction\":[{\"@type\":\"ReadAction\",\"target\":[\"https:\/\/aprenderpnl.com\/cursodepnl\/oferta-argentina\/\"]}]},{\"@type\":\"ImageObject\",\"inLanguage\":\"es\",\"@id\":\"https:\/\/aprenderpnl.com\/cursodepnl\/oferta-argentina\/#primaryimage\",\"url\":\"http:\/\/www.aprenderpnl.com\/curso\/imagenes-curso-pnl\/pnl8.gif\",\"contentUrl\":\"http:\/\/www.aprenderpnl.com\/curso\/imagenes-curso-pnl\/pnl8.gif\"},{\"@type\":\"BreadcrumbList\",\"@id\":\"https:\/\/aprenderpnl.com\/cursodepnl\/oferta-argentina\/#breadcrumb\",\"itemListElement\":[{\"@type\":\"ListItem\",\"position\":1,\"name\":\"Portada\",\"item\":\"https:\/\/aprenderpnl.com\/cursodepnl\/\"},{\"@type\":\"ListItem\",\"position\":2,\"name\":\"Curso de PNL-Oferta Argentina\"}]},{\"@type\":\"WebSite\",\"@id\":\"https:\/\/aprenderpnl.com\/cursodepnl\/#website\",\"url\":\"https:\/\/aprenderpnl.com\/cursodepnl\/\",\"name\":\"Aprender PNL\",\"description\":\"Curso de PNL Desde Cero\",\"potentialAction\":[{\"@type\":\"SearchAction\",\"target\":{\"@type\":\"EntryPoint\",\"urlTemplate\":\"https:\/\/aprenderpnl.com\/cursodepnl\/?s={search_term_string}\"},\"query-input\":{\"@type\":\"PropertyValueSpecification\",\"valueRequired\":true,\"valueName\":\"search_term_string\"}}],\"inLanguage\":\"es\"}]}<\/script>\n<!-- \/ Yoast SEO plugin. -->","yoast_head_json":{"title":"Curso de PNL-Oferta Argentina - Aprender PNL","description":"Curso de PNL Desde Cero Argentina. S\u00faper Oferta s\u00f3lo para Argentina en PESOS! Aprovecha este S\u00daPER-DESCUENTO!","robots":{"index":"index","follow":"follow","max-snippet":"max-snippet:-1","max-image-preview":"max-image-preview:large","max-video-preview":"max-video-preview:-1"},"canonical":"https:\/\/aprenderpnl.com\/cursodepnl\/oferta-argentina\/","og_locale":"es_ES","og_type":"article","og_title":"Curso de PNL-Oferta Argentina - Aprender PNL","og_description":"Curso de PNL Desde Cero Argentina. S\u00faper Oferta s\u00f3lo para Argentina en PESOS! Aprovecha este S\u00daPER-DESCUENTO!","og_url":"https:\/\/aprenderpnl.com\/cursodepnl\/oferta-argentina\/","og_site_name":"Aprender PNL","article_modified_time":"2024-01-31T11:41:22+00:00","og_image":[{"url":"http:\/\/www.aprenderpnl.com\/curso\/imagenes-curso-pnl\/pnl8.gif","type":"","width":"","height":""}],"twitter_card":"summary_large_image","schema":{"@context":"https:\/\/schema.org","@graph":[{"@type":"WebPage","@id":"https:\/\/aprenderpnl.com\/cursodepnl\/oferta-argentina\/","url":"https:\/\/aprenderpnl.com\/cursodepnl\/oferta-argentina\/","name":"Curso de PNL-Oferta Argentina - Aprender PNL","isPartOf":{"@id":"https:\/\/aprenderpnl.com\/cursodepnl\/#website"},"primaryImageOfPage":{"@id":"https:\/\/aprenderpnl.com\/cursodepnl\/oferta-argentina\/#primaryimage"},"image":{"@id":"https:\/\/aprenderpnl.com\/cursodepnl\/oferta-argentina\/#primaryimage"},"thumbnailUrl":"http:\/\/www.aprenderpnl.com\/curso\/imagenes-curso-pnl\/pnl8.gif","datePublished":"2021-07-14T21:51:12+00:00","dateModified":"2024-01-31T11:41:22+00:00","description":"Curso de PNL Desde Cero Argentina. S\u00faper Oferta s\u00f3lo para Argentina en PESOS! Aprovecha este S\u00daPER-DESCUENTO!","breadcrumb":{"@id":"https:\/\/aprenderpnl.com\/cursodepnl\/oferta-argentina\/#breadcrumb"},"inLanguage":"es","potentialAction":[{"@type":"ReadAction","target":["https:\/\/aprenderpnl.com\/cursodepnl\/oferta-argentina\/"]}]},{"@type":"ImageObject","inLanguage":"es","@id":"https:\/\/aprenderpnl.com\/cursodepnl\/oferta-argentina\/#primaryimage","url":"http:\/\/www.aprenderpnl.com\/curso\/imagenes-curso-pnl\/pnl8.gif","contentUrl":"http:\/\/www.aprenderpnl.com\/curso\/imagenes-curso-pnl\/pnl8.gif"},{"@type":"BreadcrumbList","@id":"https:\/\/aprenderpnl.com\/cursodepnl\/oferta-argentina\/#breadcrumb","itemListElement":[{"@type":"ListItem","position":1,"name":"Portada","item":"https:\/\/aprenderpnl.com\/cursodepnl\/"},{"@type":"ListItem","position":2,"name":"Curso de PNL-Oferta Argentina"}]},{"@type":"WebSite","@id":"https:\/\/aprenderpnl.com\/cursodepnl\/#website","url":"https:\/\/aprenderpnl.com\/cursodepnl\/","name":"Aprender PNL","description":"Curso de PNL Desde Cero","potentialAction":[{"@type":"SearchAction","target":{"@type":"EntryPoint","urlTemplate":"https:\/\/aprenderpnl.com\/cursodepnl\/?s={search_term_string}"},"query-input":{"@type":"PropertyValueSpecification","valueRequired":true,"valueName":"search_term_string"}}],"inLanguage":"es"}]}},"_links":{"self":[{"href":"https:\/\/aprenderpnl.com\/cursodepnl\/wp-json\/wp\/v2\/pages\/546","targetHints":{"allow":["GET"]}}],"collection":[{"href":"https:\/\/aprenderpnl.com\/cursodepnl\/wp-json\/wp\/v2\/pages"}],"about":[{"href":"https:\/\/aprenderpnl.com\/cursodepnl\/wp-json\/wp\/v2\/types\/page"}],"author":[{"embeddable":true,"href":"https:\/\/aprenderpnl.com\/cursodepnl\/wp-json\/wp\/v2\/users\/1"}],"replies":[{"embeddable":true,"href":"https:\/\/aprenderpnl.com\/cursodepnl\/wp-json\/wp\/v2\/comments?post=546"}],"version-history":[{"count":34,"href":"https:\/\/aprenderpnl.com\/cursodepnl\/wp-json\/wp\/v2\/pages\/546\/revisions"}],"predecessor-version":[{"id":784,"href":"https:\/\/aprenderpnl.com\/cursodepnl\/wp-json\/wp\/v2\/pages\/546\/revisions\/784"}],"wp:attachment":[{"href":"https:\/\/aprenderpnl.com\/cursodepnl\/wp-json\/wp\/v2\/media?parent=546"}],"curies":[{"name":"wp","href":"https:\/\/api.w.org\/{rel}","templated":true}]}}